{"id":7,"date":"2018-04-05T07:35:03","date_gmt":"2018-04-05T07:35:03","guid":{"rendered":"http:\/\/www.oitz.org\/telefonoak\/"},"modified":"2022-02-01T20:10:34","modified_gmt":"2022-02-01T20:10:34","slug":"telefonos","status":"publish","type":"page","link":"http:\/\/www.oitz.org\/es\/telefonos\/","title":{"rendered":"Tel\u00e9fonos"},"content":{"rendered":"<p><\/p>\n<table style=\"width: 601px\">\n<tbody>\n<tr>\n<th style=\"width: 249px\">Nombre<\/th>\n<th style=\"width: 92px\">Tel\u00e9fono<\/th>\n<th style=\"width: 260px\">Direcci\u00f3n<\/th>\n<\/tr>\n<tr>\n<td style=\"width: 249px\">01 Ayuntamiento<\/td>\n<td style=\"width: 92px\">948 451566<\/td>\n<td style=\"width: 260px\">\u00fanica 45, Herriko Etxea. Oiz<\/td>\n<\/tr>\n<tr>\n<td style=\"width: 249px\">02 Osasun Etxea<\/td>\n<td style=\"width: 92px\">948 456001<\/td>\n<td style=\"width: 260px\">Doneztebe\/Santesteban<\/td>\n<\/tr>\n<tr>\n<td style=\"width: 249px\">03 Malerrekako Mankomunitatea<\/td>\n<td style=\"width: 92px\">948 451746<\/td>\n<td style=\"width: 260px\">Doneztebe\/Santesteban<\/td>\n<\/tr>\n<tr>\n<td style=\"width: 249px\">04 Mendizainak<\/td>\n<td style=\"width: 92px\">948 450096<\/td>\n<td style=\"width: 260px\">Oieregi-Bertizarana<\/td>\n<\/tr>\n<tr>\n<td style=\"width: 249px\">05 Cederna-Garalur<\/td>\n<td style=\"width: 92px\">948 451654<\/td>\n<td style=\"width: 260px\">Alkaiaga-Lesaka<\/td>\n<\/tr>\n<tr>\n<td style=\"width: 249px\">06 Artesano Juan Pedro Go\u00f1i<\/td>\n<td style=\"width: 92px\">948 450177<\/td>\n<td style=\"width: 260px\">Martixpe etxea. Oiz<\/td>\n<\/tr>\n<tr>\n<td style=\"width: 249px\">07 Artesano Jose Luis Anso<\/td>\n<td style=\"width: 92px\">948 450285<\/td>\n<td style=\"width: 260px\">Errotazahar etxea. Oiz<\/td>\n<\/tr>\n<tr>\n<td style=\"width: 249px\">08 Artesano Daniel Fioramonte<\/td>\n<td style=\"width: 92px\">948 450227<\/td>\n<td style=\"width: 260px\">Otsaidor etxea. Oiz<\/td>\n<\/tr>\n<tr>\n<td style=\"width: 249px\">09Artesano Karlos Mindegia<\/td>\n<td style=\"width: 92px\">948 450621<\/td>\n<td style=\"width: 260px\">Kokotxea etxea. Oiz<\/td>\n<\/tr>\n<tr>\n<td style=\"width: 249px\"><\/td>\n<td style=\"width: 92px\"><\/td>\n<td style=\"width: 260px\"><\/td>\n<\/tr>\n<\/tbody>\n<\/table>\n<p>D\u00f3nde comer<\/p>\n<table>\n<tbody>\n<tr>\n<th>Nombre<\/th>\n<th>Direcci\u00f3n<\/th>\n<th>Tel\u00e9fono<\/th>\n<\/tr>\n<tr>\n<td>Oizko Ostatua\/Posada de Oiz<\/td>\n<td>c\/Unica 43<\/td>\n<td>633873447<\/td>\n<\/tr>\n<\/tbody>\n<\/table>\n<p>D\u00f3nde dormir<\/p>\n<table>\n<tbody>\n<tr>\n<th>Nombre<\/th>\n<th>Direcci\u00f3n<\/th>\n<th>Tel\u00e9fono<\/th>\n<\/tr>\n<tr>\n<td>Casa Rural Martirgorrenek<\/td>\n<td>Diseminado<\/td>\n<td>948 450554<\/td>\n<\/tr>\n<tr>\n<td>Oizko Ostatua\/Posada de Oiz<\/td>\n<td>c\/ Unica 43<\/td>\n<td>633873447<\/td>\n<\/tr>\n<\/tbody>\n<\/table>\n<p><\/p>","protected":false},"excerpt":{"rendered":"<p>Nombre Tel\u00e9fono Direcci\u00f3n 01 Ayuntamiento 948 451566 \u00fanica 45, Herriko Etxea. Oiz 02 Osasun Etxea 948 456001 Doneztebe\/Santesteban 03 Malerrekako Mankomunitatea 948 451746 Doneztebe\/Santesteban 04 Mendizainak 948 450096 Oieregi-Bertizarana 05 Cederna-Garalur 948 451654 Alkaiaga-Lesaka 06 Artesano Juan Pedro Go\u00f1i 948&hellip; <\/p>\n","protected":false},"author":1,"featured_media":0,"parent":0,"menu_order":20,"comment_status":"closed","ping_status":"closed","template":"","meta":{"_monsterinsights_skip_tracking":false,"_monsterinsights_sitenote_active":false,"_monsterinsights_sitenote_note":"","_monsterinsights_sitenote_category":0,"footnotes":""},"class_list":["post-7","page","type-page","status-publish","hentry"],"yoast_head":"<!-- This site is optimized with the Yoast SEO plugin v26.8 - https:\/\/yoast.com\/product\/yoast-seo-wordpress\/ -->\r\n<title>Tel\u00e9fonos - Ayuntamiento de Oitz<\/title>\r\n<meta name=\"robots\" content=\"index, follow, max-snippet:-1, max-image-preview:large, max-video-preview:-1\" \/>\r\n<link rel=\"canonical\" href=\"http:\/\/www.oitz.org\/es\/telefonos\/\" \/>\r\n<meta property=\"og:locale\" content=\"es_ES\" \/>\r\n<meta property=\"og:type\" content=\"article\" \/>\r\n<meta property=\"og:title\" content=\"Tel\u00e9fonos - Ayuntamiento de Oitz\" \/>\r\n<meta property=\"og:description\" content=\"Nombre Tel\u00e9fono Direcci\u00f3n 01 Ayuntamiento 948 451566 \u00fanica 45, Herriko Etxea. Oiz 02 Osasun Etxea 948 456001 Doneztebe\/Santesteban 03 Malerrekako Mankomunitatea 948 451746 Doneztebe\/Santesteban 04 Mendizainak 948 450096 Oieregi-Bertizarana 05 Cederna-Garalur 948 451654 Alkaiaga-Lesaka 06 Artesano Juan Pedro Go\u00f1i 948&hellip;\" \/>\r\n<meta property=\"og:url\" content=\"http:\/\/www.oitz.org\/es\/telefonos\/\" \/>\r\n<meta property=\"og:site_name\" content=\"Ayuntamiento de Oitz\" \/>\r\n<meta property=\"article:modified_time\" content=\"2022-02-01T20:10:34+00:00\" \/>\r\n<meta name=\"twitter:card\" content=\"summary_large_image\" \/>\r\n<meta name=\"twitter:label1\" content=\"Tiempo de lectura\" \/>\n\t<meta name=\"twitter:data1\" content=\"1 minuto\" \/>\r\n<script type=\"application\/ld+json\" class=\"yoast-schema-graph\">{\"@context\":\"https:\/\/schema.org\",\"@graph\":[{\"@type\":\"WebPage\",\"@id\":\"http:\/\/www.oitz.org\/es\/telefonos\/\",\"url\":\"http:\/\/www.oitz.org\/es\/telefonos\/\",\"name\":\"Tel\u00e9fonos - Ayuntamiento de Oitz\",\"isPartOf\":{\"@id\":\"http:\/\/www.oitz.org\/es\/#website\"},\"datePublished\":\"2018-04-05T07:35:03+00:00\",\"dateModified\":\"2022-02-01T20:10:34+00:00\",\"breadcrumb\":{\"@id\":\"http:\/\/www.oitz.org\/es\/telefonos\/#breadcrumb\"},\"inLanguage\":\"es\",\"potentialAction\":[{\"@type\":\"ReadAction\",\"target\":[[\"http:\/\/www.oitz.org\/es\/telefonos\/\"]]}]},{\"@type\":\"BreadcrumbList\",\"@id\":\"http:\/\/www.oitz.org\/es\/telefonos\/#breadcrumb\",\"itemListElement\":[{\"@type\":\"ListItem\",\"position\":1,\"name\":\"Home\",\"item\":\"http:\/\/www.oitz.org\/es\/\"},{\"@type\":\"ListItem\",\"position\":2,\"name\":\"Tel\u00e9fonos\"}]},{\"@type\":\"WebSite\",\"@id\":\"http:\/\/www.oitz.org\/es\/#website\",\"url\":\"http:\/\/www.oitz.org\/es\/\",\"name\":\"Ayuntamiento de Oitz\",\"description\":\"Sitio web del Ayuntamiento de Oitz \/ Oizko Udala\",\"potentialAction\":[{\"@type\":\"SearchAction\",\"target\":{\"@type\":\"EntryPoint\",\"urlTemplate\":\"http:\/\/www.oitz.org\/es\/?s={search_term_string}\"},\"query-input\":{\"@type\":\"PropertyValueSpecification\",\"valueRequired\":true,\"valueName\":\"search_term_string\"}}],\"inLanguage\":\"es\"}]}<\/script>\r\n<!-- \/ Yoast SEO plugin. -->","yoast_head_json":{"title":"Tel\u00e9fonos - Ayuntamiento de Oitz","robots":{"index":"index","follow":"follow","max-snippet":"max-snippet:-1","max-image-preview":"max-image-preview:large","max-video-preview":"max-video-preview:-1"},"canonical":"http:\/\/www.oitz.org\/es\/telefonos\/","og_locale":"es_ES","og_type":"article","og_title":"Tel\u00e9fonos - Ayuntamiento de Oitz","og_description":"Nombre Tel\u00e9fono Direcci\u00f3n 01 Ayuntamiento 948 451566 \u00fanica 45, Herriko Etxea. Oiz 02 Osasun Etxea 948 456001 Doneztebe\/Santesteban 03 Malerrekako Mankomunitatea 948 451746 Doneztebe\/Santesteban 04 Mendizainak 948 450096 Oieregi-Bertizarana 05 Cederna-Garalur 948 451654 Alkaiaga-Lesaka 06 Artesano Juan Pedro Go\u00f1i 948&hellip;","og_url":"http:\/\/www.oitz.org\/es\/telefonos\/","og_site_name":"Ayuntamiento de Oitz","article_modified_time":"2022-02-01T20:10:34+00:00","twitter_card":"summary_large_image","twitter_misc":{"Tiempo de lectura":"1 minuto"},"schema":{"@context":"https:\/\/schema.org","@graph":[{"@type":"WebPage","@id":"http:\/\/www.oitz.org\/es\/telefonos\/","url":"http:\/\/www.oitz.org\/es\/telefonos\/","name":"Tel\u00e9fonos - Ayuntamiento de Oitz","isPartOf":{"@id":"http:\/\/www.oitz.org\/es\/#website"},"datePublished":"2018-04-05T07:35:03+00:00","dateModified":"2022-02-01T20:10:34+00:00","breadcrumb":{"@id":"http:\/\/www.oitz.org\/es\/telefonos\/#breadcrumb"},"inLanguage":"es","potentialAction":[{"@type":"ReadAction","target":[["http:\/\/www.oitz.org\/es\/telefonos\/"]]}]},{"@type":"BreadcrumbList","@id":"http:\/\/www.oitz.org\/es\/telefonos\/#breadcrumb","itemListElement":[{"@type":"ListItem","position":1,"name":"Home","item":"http:\/\/www.oitz.org\/es\/"},{"@type":"ListItem","position":2,"name":"Tel\u00e9fonos"}]},{"@type":"WebSite","@id":"http:\/\/www.oitz.org\/es\/#website","url":"http:\/\/www.oitz.org\/es\/","name":"Ayuntamiento de Oitz","description":"Sitio web del Ayuntamiento de Oitz \/ Oizko Udala","potentialAction":[{"@type":"SearchAction","target":{"@type":"EntryPoint","urlTemplate":"http:\/\/www.oitz.org\/es\/?s={search_term_string}"},"query-input":{"@type":"PropertyValueSpecification","valueRequired":true,"valueName":"search_term_string"}}],"inLanguage":"es"}]}},"_links":{"self":[{"href":"http:\/\/www.oitz.org\/es\/wp-json\/wp\/v2\/pages\/7","targetHints":{"allow":["GET"]}}],"collection":[{"href":"http:\/\/www.oitz.org\/es\/wp-json\/wp\/v2\/pages"}],"about":[{"href":"http:\/\/www.oitz.org\/es\/wp-json\/wp\/v2\/types\/page"}],"author":[{"embeddable":true,"href":"http:\/\/www.oitz.org\/es\/wp-json\/wp\/v2\/users\/1"}],"replies":[{"embeddable":true,"href":"http:\/\/www.oitz.org\/es\/wp-json\/wp\/v2\/comments?post=7"}],"version-history":[{"count":5,"href":"http:\/\/www.oitz.org\/es\/wp-json\/wp\/v2\/pages\/7\/revisions"}],"predecessor-version":[{"id":7893,"href":"http:\/\/www.oitz.org\/es\/wp-json\/wp\/v2\/pages\/7\/revisions\/7893"}],"wp:attachment":[{"href":"http:\/\/www.oitz.org\/es\/wp-json\/wp\/v2\/media?parent=7"}],"curies":[{"name":"wp","href":"https:\/\/api.w.org\/{rel}","templated":true}]}}