{"id":71,"date":"2018-04-05T09:28:17","date_gmt":"2018-04-05T09:28:17","guid":{"rendered":"http:\/\/www.oitz.org\/?page_id=71"},"modified":"2025-02-25T13:19:18","modified_gmt":"2025-02-25T13:19:18","slug":"aviso-legal","status":"publish","type":"page","link":"http:\/\/www.oitz.org\/es\/general\/aviso-legal\/","title":{"rendered":"Aviso Legal"},"content":{"rendered":"<p><\/p>\n<p style=\"text-align: justify;\"><strong><u>Informaci\u00f3n legal<\/u><\/strong><\/p>\n<p style=\"text-align: justify;\">\u00daltima actualizaci\u00f3n: 07\/11\/2024<\/p>\n<p style=\"text-align: justify;\">En cumplimiento de la normativa vigente le informamos que el dominio de internet <a href=\"http:\/\/www.oitz.eus\">www.oitz.eus<\/a> es titularidad del Ayuntamiento de Oitz (en adelante \u201c<strong>el Responsable del Tratamiento<\/strong>\u201d) con NIF P3118700H y domicilio en Karrika bakarra &#8211; 31751 Oitz (Navarra), tel\u00e9fono 948451566, correo electr\u00f3nico <a href=\"http:\/\/www.oitz.eus\">www.oitz.eus<\/a>.<\/p>\n<p style=\"text-align: justify;\">El Ayuntamiento de Oitz tiene por objetivo principal la gesti\u00f3n de servicios municipales y actividades relacionadas. El sitio web ubicado en <a href=\"http:\/\/www.oitz.eus\">www.oitz.eus<\/a> \u00a0(en adelante \u201c<strong>el sitio web<\/strong>\u201d) es propiedad del Ayuntamiento de Oitz. La persona que visita y utiliza este sitio web es usuaria del sitio web (en adelante \u201c<strong>la persona usuaria<\/strong>\u201d).<\/p>\n<p style=\"text-align: justify;\">El Ayuntamiento de Oitz act\u00faa como \u201cResponsable del Tratamiento\u201d en relaci\u00f3n con los tratamientos de datos personales (personas usuarias del sitio web, solicitantes de informaci\u00f3n, etc.) que se realizan a trav\u00e9s del sitio web. No obstante, en aquellos casos en los que el Ayuntamiento de Oitz publique noticias y enlaces a sitios web o redes sociales externas, su funci\u00f3n es meramente informativa y los posibles tratamientos de datos personales que se puedan producir en relaci\u00f3n con los contenidos de noticias y enlaces y su utilizaci\u00f3n por parte de las personas usuarias no son titularidad del Ayuntamiento de Oitz.<\/p>\n<ol style=\"text-align: justify;\">\n<li><strong>Finalidades<\/strong><\/li>\n<\/ol>\n<p style=\"text-align: justify;\">Las finalidades principales del sitio web son informar, difundir y gestionar los servicios ofrecidos por el Ayuntamiento de Oitz; proporcionar herramientas de contacto, consulta y comunicaci\u00f3n con las personas interesadas, respondiendo a solicitudes y peticiones.<\/p>\n<ol style=\"text-align: justify;\" start=\"2\">\n<li><strong>Condiciones Generales<\/strong><\/li>\n<\/ol>\n<p style=\"text-align: justify;\">La persona usuaria accede a este sitio web de forma voluntaria. El acceso a este sitio web tiene car\u00e1cter gratuito. La navegaci\u00f3n en este sitio web implica aceptar y conocer las advertencias legales, condiciones y t\u00e9rminos de uso, pol\u00edtica de privacidad y pol\u00edtica de cookies contenidos en \u00e9l. Si la persona usuaria no est\u00e1 de acuerdo con estas condiciones, no podr\u00e1 hacer uso de este sitio web.<\/p>\n<p style=\"text-align: justify;\">El acceso al sitio web, as\u00ed como el uso que pueda hacerse de la informaci\u00f3n y utilidades que contiene, son de la exclusiva responsabilidad de la persona usuaria, que se compromete a utilizarlo con respeto a la buena fe, al ordenamiento jur\u00eddico, de manera \u00e9tica y de acuerdo con sus finalidades. La persona usuaria no puede hacer un uso il\u00edcito de la informaci\u00f3n y utilidades contenidas en el sitio web, ni llevar a cabo acciones que puedan da\u00f1ar o alterar su contenido, funcionamiento, los sistemas inform\u00e1ticos del Ayuntamiento de Oitz o de otras personas usuarias.<\/p>\n<p style=\"text-align: justify;\">Queda prohibida la inclusi\u00f3n y comunicaci\u00f3n de contenidos, por parte de las personas usuarias, que sean falsos o inexactos y que induzcan o puedan inducir a error al Ayuntamiento de Oitz las personas usuarias del sitio web o terceros. Queda prohibido el uso de datos personales de terceros sin su consentimiento previo y expreso, as\u00ed como el uso de datos identificativos de terceros con el \u00e1nimo de suplantar su identidad. La persona usuaria ser\u00e1 la \u00fanica responsable de los perjuicios que cause.<\/p>\n<ol style=\"text-align: justify;\" start=\"3\">\n<li><strong>Exclusi\u00f3n de garant\u00edas y responsabilidad,<\/strong><\/li>\n<\/ol>\n<p style=\"text-align: justify;\">El Responsable del Tratamiento realiza los m\u00e1ximos esfuerzos a su alcance para evitar errores en los contenidos y utilidades que se publican en el sitio web, reserv\u00e1ndose la facultad de poder modificarlos en cualquier momento. El Responsable del Tratamiento declina expresamente cualquier responsabilidad por error u omisi\u00f3n en los contenidos de este sitio web y de los da\u00f1os y perjuicios que puedan deberse a su falta de veracidad, exactitud o actualidad.<\/p>\n<p style=\"text-align: justify;\">El sitio web puede ofrecer enlaces a otros sitios web. El Responsable del Tratamiento no asume ninguna responsabilidad en relaci\u00f3n con estos sitios enlazados, ya que no tiene ning\u00fan tipo de control sobre ellos, su contenido, servicios ofrecidos, etc. La finalidad de estos servicios es informar de otras fuentes de informaci\u00f3n, por lo que la persona usuaria accede bajo su exclusiva responsabilidad al contenido y en las condiciones de uso que rijan en ellas. En el caso de enlaces a redes sociales, titularidad del Responsable del Tratamiento o de terceros, las mismas se regir\u00e1n por sus propias condiciones de uso.<\/p>\n<p style=\"text-align: justify;\">El Responsable del Tratamiento no se responsabilizar\u00e1 de ninguna consecuencia, da\u00f1o o perjuicio que pudieran derivarse del uso de este sitio web o de sus contenidos y utilidades, incluidos da\u00f1os inform\u00e1ticos y la introducci\u00f3n de virus o cualquier tipo de software malicioso. El Responsable del Tratamiento no garantiza la ausencia de virus ni de otros elementos da\u00f1inos en el sitio web, introducidos por terceras personas, que puedan producir alteraciones en los sistemas f\u00edsicos o l\u00f3gicos de las personas usuarias, pero utiliza los medios a su alcance para que esto no suceda.<\/p>\n<p style=\"text-align: justify;\">El Responsable del Tratamiento se reserva el derecho de modificar o borrar en cualquier momento, sin previo aviso o justificaci\u00f3n, el dise\u00f1o, la configuraci\u00f3n y la informaci\u00f3n contenida en este sitio web, si as\u00ed lo estima oportuno. El Responsable del Tratamiento no se hace responsable de los perjuicios que estas modificaciones puedan causar. No obstante, utilizar\u00e1 los recursos que tenga a su alcance para informar a las personas usuarias de dichas modificaciones.<\/p>\n<ol style=\"text-align: justify;\" start=\"4\">\n<li><strong>Propiedad intelectual e industrial<\/strong><\/li>\n<\/ol>\n<p style=\"text-align: justify;\">Los derechos de propiedad intelectual e industrial de este sitio web y de los elementos contenidos, incluyendo, con car\u00e1cter meramente enunciativo, sus p\u00e1ginas, secciones, estructura, apariencia, dise\u00f1o, pantallas, la informaci\u00f3n y utilidades que contiene, c\u00f3digo fuente, textos, fotograf\u00edas, im\u00e1genes, sonido, audios, v\u00eddeos, animaciones, combinaciones de colores, servicios, marcas, logotipos, lemas, etc.) son propiedad del Responsable del Tratamiento, salvo que se especifique otra cosa.<\/p>\n<p style=\"text-align: justify;\">En ning\u00fan caso el acceso o navegaci\u00f3n en el sitio web implica renuncia, transmisi\u00f3n o licencia total o parcial del Ayuntamiento de Oitz para uso personal o profesional a la persona usuaria sobre sus derechos de propiedad intelectual e industrial. Quedan prohibidas la reproducci\u00f3n, distribuci\u00f3n, comercializaci\u00f3n, comunicaci\u00f3n p\u00fablica, transformaci\u00f3n o cualquier otra actividad que se pueda realizar con los contenidos de este sitio web, salvo autorizaci\u00f3n previa, expresa y por escrito por parte del Responsable del Tratamiento.<\/p>\n<p style=\"text-align: justify;\">La persona usuaria se compromete a no realizar ninguna acci\u00f3n que perjudique la titularidad del sitio web y sus contenidos. La utilizaci\u00f3n no autorizada de la informaci\u00f3n y utilidades contenidas en el sitio web, as\u00ed como los perjuicios ocasionados en los derechos de propiedad intelectual e industrial de Ayuntamiento de Oitz o, en su caso, otros titulares, pueden dar lugar al ejercicio de las acciones que legalmente correspondan y, si procede, a las responsabilidades que de dicho ejercicio se deriven, incluyendo las de naturaleza econ\u00f3mica.<\/p>\n<ol style=\"text-align: justify;\" start=\"5\">\n<li><strong>Vigencia y modificaciones<\/strong><\/li>\n<\/ol>\n<p style=\"text-align: justify;\">El Ayuntamiento de Oitz se reserva el derecho de modificar estas condiciones de acuerdo con su criterio, bien con la finalidad de adecuarse a los cambios legislativos, bien con el fin de llevar a cabo otro tipo de actualizaciones o mejoras. Estas modificaciones ser\u00e1n v\u00e1lidas desde su publicaci\u00f3n en el sitio web. La relaci\u00f3n con las personas usuarias se regir\u00e1 por las normas previstas en el momento en que se accede al sitio web. Es por ello por lo que el Ayuntamiento de Oitz le recomienda revisar estas condiciones cada vez que se conecte al sitio web.<\/p>\n<ol style=\"text-align: justify;\" start=\"6\">\n<li><strong>Jurisdicci\u00f3n<\/strong><\/li>\n<\/ol>\n<p style=\"text-align: justify;\">Las relaciones establecidas entre el Ayuntamiento de Oitz y la persona usuaria se regir\u00e1n por lo dispuesto en la normativa vigente acerca de la legislaci\u00f3n aplicable y la jurisdicci\u00f3n competente. No obstante, para los casos en los que la normativa prevea la posibilidad a las partes de someterse a un fuero, el Responsable del Tratamiento y la persona usuaria, con renuncia expresa a cualquier otro fuero que pudiera corresponderles, se someten a los Juzgados y Tribunales de Pamplona (Navarra).<\/p>\n<p style=\"text-align: justify;\">El Ayuntamiento de Oitz perseguir\u00e1 el incumplimiento de las anteriores condiciones, as\u00ed como cualquier utilizaci\u00f3n indebida de los contenidos presentados en su sitio web ejerciendo todas las acciones civiles y penales que le puedan corresponder en Derecho, incluyendo las de naturaleza econ\u00f3mica.<\/p>\n<p style=\"text-align: justify;\">\n<p><\/p>","protected":false},"excerpt":{"rendered":"<p>Informaci\u00f3n legal \u00daltima actualizaci\u00f3n: 07\/11\/2024 En cumplimiento de la normativa vigente le informamos que el dominio de internet www.oitz.eus es titularidad del Ayuntamiento de Oitz (en adelante \u201cel Responsable del Tratamiento\u201d) con NIF P3118700H y domicilio en Karrika bakarra &#8211;&hellip; <\/p>\n","protected":false},"author":19005,"featured_media":0,"parent":2,"menu_order":0,"comment_status":"closed","ping_status":"closed","template":"","meta":{"_monsterinsights_skip_tracking":false,"_monsterinsights_sitenote_active":false,"_monsterinsights_sitenote_note":"","_monsterinsights_sitenote_category":0,"footnotes":""},"class_list":["post-71","page","type-page","status-publish","hentry"],"yoast_head":"<!-- This site is optimized with the Yoast SEO plugin v26.8 - https:\/\/yoast.com\/product\/yoast-seo-wordpress\/ -->\r\n<title>Aviso Legal - Ayuntamiento de Oitz<\/title>\r\n<meta name=\"robots\" content=\"index, follow, max-snippet:-1, max-image-preview:large, max-video-preview:-1\" \/>\r\n<link rel=\"canonical\" href=\"http:\/\/www.oitz.org\/es\/general\/aviso-legal\/\" \/>\r\n<meta property=\"og:locale\" content=\"es_ES\" \/>\r\n<meta property=\"og:type\" content=\"article\" \/>\r\n<meta property=\"og:title\" content=\"Aviso Legal - Ayuntamiento de Oitz\" \/>\r\n<meta property=\"og:description\" content=\"Informaci\u00f3n legal \u00daltima actualizaci\u00f3n: 07\/11\/2024 En cumplimiento de la normativa vigente le informamos que el dominio de internet www.oitz.eus es titularidad del Ayuntamiento de Oitz (en adelante \u201cel Responsable del Tratamiento\u201d) con NIF P3118700H y domicilio en Karrika bakarra &#8211;&hellip;\" \/>\r\n<meta property=\"og:url\" content=\"http:\/\/www.oitz.org\/es\/general\/aviso-legal\/\" \/>\r\n<meta property=\"og:site_name\" content=\"Ayuntamiento de Oitz\" \/>\r\n<meta property=\"article:modified_time\" content=\"2025-02-25T13:19:18+00:00\" \/>\r\n<meta name=\"twitter:card\" content=\"summary_large_image\" \/>\r\n<meta name=\"twitter:label1\" content=\"Tiempo de lectura\" \/>\n\t<meta name=\"twitter:data1\" content=\"5 minutos\" \/>\r\n<script type=\"application\/ld+json\" class=\"yoast-schema-graph\">{\"@context\":\"https:\/\/schema.org\",\"@graph\":[{\"@type\":\"WebPage\",\"@id\":\"http:\/\/www.oitz.org\/es\/general\/aviso-legal\/\",\"url\":\"http:\/\/www.oitz.org\/es\/general\/aviso-legal\/\",\"name\":\"Aviso Legal - Ayuntamiento de Oitz\",\"isPartOf\":{\"@id\":\"http:\/\/www.oitz.org\/es\/#website\"},\"datePublished\":\"2018-04-05T09:28:17+00:00\",\"dateModified\":\"2025-02-25T13:19:18+00:00\",\"breadcrumb\":{\"@id\":\"http:\/\/www.oitz.org\/es\/general\/aviso-legal\/#breadcrumb\"},\"inLanguage\":\"es\",\"potentialAction\":[{\"@type\":\"ReadAction\",\"target\":[[\"http:\/\/www.oitz.org\/es\/general\/aviso-legal\/\"]]}]},{\"@type\":\"BreadcrumbList\",\"@id\":\"http:\/\/www.oitz.org\/es\/general\/aviso-legal\/#breadcrumb\",\"itemListElement\":[{\"@type\":\"ListItem\",\"position\":1,\"name\":\"Home\",\"item\":\"http:\/\/www.oitz.org\/es\/\"},{\"@type\":\"ListItem\",\"position\":2,\"name\":\"(Castellano) General\",\"item\":\"http:\/\/www.oitz.org\/es\/general\/\"},{\"@type\":\"ListItem\",\"position\":3,\"name\":\"Aviso Legal\"}]},{\"@type\":\"WebSite\",\"@id\":\"http:\/\/www.oitz.org\/es\/#website\",\"url\":\"http:\/\/www.oitz.org\/es\/\",\"name\":\"Ayuntamiento de Oitz\",\"description\":\"Sitio web del Ayuntamiento de Oitz \/ Oizko Udala\",\"potentialAction\":[{\"@type\":\"SearchAction\",\"target\":{\"@type\":\"EntryPoint\",\"urlTemplate\":\"http:\/\/www.oitz.org\/es\/?s={search_term_string}\"},\"query-input\":{\"@type\":\"PropertyValueSpecification\",\"valueRequired\":true,\"valueName\":\"search_term_string\"}}],\"inLanguage\":\"es\"}]}<\/script>\r\n<!-- \/ Yoast SEO plugin. -->","yoast_head_json":{"title":"Aviso Legal - Ayuntamiento de Oitz","robots":{"index":"index","follow":"follow","max-snippet":"max-snippet:-1","max-image-preview":"max-image-preview:large","max-video-preview":"max-video-preview:-1"},"canonical":"http:\/\/www.oitz.org\/es\/general\/aviso-legal\/","og_locale":"es_ES","og_type":"article","og_title":"Aviso Legal - Ayuntamiento de Oitz","og_description":"Informaci\u00f3n legal \u00daltima actualizaci\u00f3n: 07\/11\/2024 En cumplimiento de la normativa vigente le informamos que el dominio de internet www.oitz.eus es titularidad del Ayuntamiento de Oitz (en adelante \u201cel Responsable del Tratamiento\u201d) con NIF P3118700H y domicilio en Karrika bakarra &#8211;&hellip;","og_url":"http:\/\/www.oitz.org\/es\/general\/aviso-legal\/","og_site_name":"Ayuntamiento de Oitz","article_modified_time":"2025-02-25T13:19:18+00:00","twitter_card":"summary_large_image","twitter_misc":{"Tiempo de lectura":"5 minutos"},"schema":{"@context":"https:\/\/schema.org","@graph":[{"@type":"WebPage","@id":"http:\/\/www.oitz.org\/es\/general\/aviso-legal\/","url":"http:\/\/www.oitz.org\/es\/general\/aviso-legal\/","name":"Aviso Legal - Ayuntamiento de Oitz","isPartOf":{"@id":"http:\/\/www.oitz.org\/es\/#website"},"datePublished":"2018-04-05T09:28:17+00:00","dateModified":"2025-02-25T13:19:18+00:00","breadcrumb":{"@id":"http:\/\/www.oitz.org\/es\/general\/aviso-legal\/#breadcrumb"},"inLanguage":"es","potentialAction":[{"@type":"ReadAction","target":[["http:\/\/www.oitz.org\/es\/general\/aviso-legal\/"]]}]},{"@type":"BreadcrumbList","@id":"http:\/\/www.oitz.org\/es\/general\/aviso-legal\/#breadcrumb","itemListElement":[{"@type":"ListItem","position":1,"name":"Home","item":"http:\/\/www.oitz.org\/es\/"},{"@type":"ListItem","position":2,"name":"(Castellano) General","item":"http:\/\/www.oitz.org\/es\/general\/"},{"@type":"ListItem","position":3,"name":"Aviso Legal"}]},{"@type":"WebSite","@id":"http:\/\/www.oitz.org\/es\/#website","url":"http:\/\/www.oitz.org\/es\/","name":"Ayuntamiento de Oitz","description":"Sitio web del Ayuntamiento de Oitz \/ Oizko Udala","potentialAction":[{"@type":"SearchAction","target":{"@type":"EntryPoint","urlTemplate":"http:\/\/www.oitz.org\/es\/?s={search_term_string}"},"query-input":{"@type":"PropertyValueSpecification","valueRequired":true,"valueName":"search_term_string"}}],"inLanguage":"es"}]}},"_links":{"self":[{"href":"http:\/\/www.oitz.org\/es\/wp-json\/wp\/v2\/pages\/71","targetHints":{"allow":["GET"]}}],"collection":[{"href":"http:\/\/www.oitz.org\/es\/wp-json\/wp\/v2\/pages"}],"about":[{"href":"http:\/\/www.oitz.org\/es\/wp-json\/wp\/v2\/types\/page"}],"author":[{"embeddable":true,"href":"http:\/\/www.oitz.org\/es\/wp-json\/wp\/v2\/users\/19005"}],"replies":[{"embeddable":true,"href":"http:\/\/www.oitz.org\/es\/wp-json\/wp\/v2\/comments?post=71"}],"version-history":[{"count":9,"href":"http:\/\/www.oitz.org\/es\/wp-json\/wp\/v2\/pages\/71\/revisions"}],"predecessor-version":[{"id":8224,"href":"http:\/\/www.oitz.org\/es\/wp-json\/wp\/v2\/pages\/71\/revisions\/8224"}],"up":[{"embeddable":true,"href":"http:\/\/www.oitz.org\/es\/wp-json\/wp\/v2\/pages\/2"}],"wp:attachment":[{"href":"http:\/\/www.oitz.org\/es\/wp-json\/wp\/v2\/media?parent=71"}],"curies":[{"name":"wp","href":"https:\/\/api.w.org\/{rel}","templated":true}]}}