{"id":74,"date":"2018-04-05T09:33:03","date_gmt":"2018-04-05T09:33:03","guid":{"rendered":"http:\/\/www.oitz.org\/?page_id=74"},"modified":"2024-11-07T08:55:23","modified_gmt":"2024-11-07T08:55:23","slug":"politica-de-cookies","status":"publish","type":"page","link":"http:\/\/www.oitz.org\/es\/general\/politica-de-cookies\/","title":{"rendered":"Politica de cookies"},"content":{"rendered":"<p><\/p>\n<p style=\"text-align: justify\"><strong>Ayuntamiento de Oitz. \u00daltima actualizaci\u00f3n: Junio de 2015.<\/strong><\/p>\n<p style=\"text-align: justify\">Este sitio web utiliza cookies propias y de terceros que tienen la consideraci\u00f3n de t\u00e9cnicas, de personalizaci\u00f3n y de an\u00e1lisis para optimizar tu navegaci\u00f3n, adaptarse a tus preferencias y realizar labores anal\u00edticas. Al continuar navegando aceptas nuestra Pol\u00edtica de Cookies.<\/p>\n<ol style=\"text-align: justify\">\n<li><strong>\u00bfQU\u00c9 SON LAS COOKIES?<\/strong><\/li>\n<\/ol>\n<p style=\"text-align: justify\">Las cookies son peque\u00f1os archivos o programas inform\u00e1ticos que se almacenan en el terminal (por ejemplo, ordenador\/smartphone\/tablet) del usuario al acceder a determinadas p\u00e1ginas web y que se almacenan en la memoria del mismo. Estos archivos pueden facilitar la navegaci\u00f3n haciendo un seguimiento de los movimientos por el sitio, recordando el inicio de sesi\u00f3n, rellenando autom\u00e1ticamente formularios, recordando preferencias seleccionadas\u2026<\/p>\n<p style=\"text-align: justify\">Estas caracter\u00edsticas pueden desvelar aspectos de la vida privada la persona que navega y es por ello importante que est\u00e9 adecuadamente informada y disponga de mecanismos que le permita preservar su privacidad.<\/p>\n<ol style=\"text-align: justify\" start=\"2\">\n<li><strong>TIPOS DE COOKIES<\/strong><\/li>\n<\/ol>\n<p style=\"text-align: justify\">Seg\u00fan la entidad que las gestione, las cookies se clasifican en dos grupos:<\/p>\n<ul style=\"text-align: justify\">\n<li><strong>Cookies propias<\/strong>: aquellas que se env\u00edan al equipo del usuario desde un equipo o dominio gestionado por el propio editor y desde el que se presta el servicio solicitado por el usuario.<\/li>\n<\/ul>\n<ul style=\"text-align: justify\">\n<li><strong>Cookies de tercero<\/strong>: aquellas que se env\u00edan al equipo del usuario desde un equipo o dominio que no es gestionado por el editor, sino por otra entidad que trata los datos obtenidos a trav\u00e9s de las cookies.<\/li>\n<\/ul>\n<p style=\"text-align: justify\">Existe tambi\u00e9n una segunda clasificaci\u00f3n seg\u00fan el plazo de tiempo que permanecen almacenadas en el navegador del cliente, pudiendo tratarse de:<\/p>\n<ul style=\"text-align: justify\">\n<li><strong>Cookies de sesi\u00f3n<\/strong>: son archivos de cookies temporales, que se borran cuando se cierra el navegador.<\/li>\n<li><strong>Cookies permanentes<\/strong>: estos archivos permanece en una subcarpeta del navegador hasta que se eliminan manualmente o el navegador que se usa las elimina de acuerdo con el per\u00edodo de duraci\u00f3n establecido en el archivo.<\/li>\n<\/ul>\n<p style=\"text-align: justify\">Por \u00faltimo, existe otra clasificaci\u00f3n con cinco tipos de cookies seg\u00fan la finalidad para la que se traten los datos obtenidos:<\/p>\n<ul style=\"text-align: justify\">\n<li><strong>Cookies t\u00e9cnicas:<\/strong>\u00a0Permiten al usuario la navegaci\u00f3n a trav\u00e9s de una p\u00e1gina web, plataforma o aplicaci\u00f3n y la utilizaci\u00f3n de las diferentes opciones o servicios existan , por ejemplo, controlar el tr\u00e1fico, identificar la sesi\u00f3n, utilizar elementos de seguridad durante la navegaci\u00f3n, almacenar contenidos para la difusi\u00f3n de videos o sonido o compartir contenido a trav\u00e9s de redes sociales.<\/li>\n<li><strong>Cookies de personalizaci\u00f3n<\/strong>: Permiten al usuario acceder al servicio con algunas caracter\u00edsticas de car\u00e1cter general predefinidas en funci\u00f3n de una serie de criterios en el terminal del usuario como por ejemplo el idioma, el tipo de navegador.<\/li>\n<li><strong>Cookies de an\u00e1lisis<\/strong>: Son aqu\u00e9llas que permiten al responsable de las mismas, el seguimiento y an\u00e1lisis del comportamiento de los usuarios de los sitios web a los que est\u00e1n vinculadas.<\/li>\n<li><strong>Cookies publicitarias:<\/strong>\u00a0Son aqu\u00e9llas que permiten la gesti\u00f3n, de la forma m\u00e1s eficaz posible, de los espacios publicitarios que, en su caso, el editor haya incluido en una p\u00e1gina web, en base a criterios como el contenido editado o la frecuencia en la que se muestran los anuncios.<\/li>\n<li><strong>Cookies de publicidad comportamental:<\/strong>\u00a0Son aqu\u00e9llas que permiten la gesti\u00f3n, de la forma m\u00e1s eficaz posible, de los espacios publicitarios que, en su caso, el editor haya incluido en una p\u00e1gina web. Estas cookies almacenan informaci\u00f3n del comportamiento de los usuarios obtenida a trav\u00e9s de la observaci\u00f3n continuada de sus h\u00e1bitos de navegaci\u00f3n, lo que permite desarrollar un perfil espec\u00edfico para mostrar publicidad en funci\u00f3n del mismo.<\/li>\n<\/ul>\n<p style=\"text-align: justify\">Para m\u00e1s informaci\u00f3n a este respecto puede consultar\u00a0<a class=\"mtli_attachment mtli_pdf\" title=\"Se abre en nueva ventana\" href=\"http:\/\/www.interior.gob.es\/documents\/10180\/13073\/Guia_Cookies.pdf\/7c72c988-1e55-42b5-aeee-f7c46a319903\" target=\"_blank\" rel=\"noopener\"><strong>Gu\u00eda sobre el uso de las cookies de la Agencia Espa\u00f1ola de Protecci\u00f3n de Datos<\/strong><\/a><\/p>\n<ol style=\"text-align: justify\" start=\"3\">\n<li><strong>COOKIES UTILIZADAS EN LA WEB<\/strong><\/li>\n<\/ol>\n<ul style=\"text-align: justify\">\n<li>PHPSESSID\n<ul>\n<li>Tipo: Cookie propia, de sesi\u00f3n y t\u00e9cnica. Esta\u00a0<em>cookie\u00a0<\/em>es memorizada y \u00fanicamente tiene validez el tiempo que dure la sesi\u00f3n activa en el sitio web. No graba de forma permanente ninguna informaci\u00f3n en el disco duro de su computadora. Tambi\u00e9n se utiliza para garantizar que los usuarios que escriban comentarios en el blog sean humanos y no aplicaciones automatizadas. De esta forma se combate el\u00a0<em>spam<\/em>.<\/li>\n<li>Funci\u00f3n: Esta\u00a0<em>cookie<\/em>\u00a0es usada por el lenguaje PHP para permitir que las variables de sesi\u00f3n sean guardadas en el servidor web. Esta cookies es esencial para el env\u00edo de los formularios de esta web.<\/li>\n<\/ul>\n<\/li>\n<li>_ga; _gat\n<ul>\n<li>Tipo: Cookies de terceros, de an\u00e1lisis y persistentes.<\/li>\n<li>Duraci\u00f3n: 2 a\u00f1os<\/li>\n<li>Funci\u00f3n: Cookie de Google Analytics que se usa para distinguir a los usuarios. Se puede encontrar m\u00e1s informaci\u00f3n en\u00a0<a href=\"http:\/\/www.google.com\/intl\/es\/policies\/technologies\/types\/\">http:\/\/www.google.com\/intl\/es\/policies\/technologies\/types\/<\/a>.<\/li>\n<\/ul>\n<\/li>\n<li>qtrans_cookie_text\n<ul>\n<li>Tipo: Cookie propia, de sesi\u00f3n y de personalizaci\u00f3n.<\/li>\n<li>Funci\u00f3n: Cookies de uso interno necesaria para el funcionamiento de la web, ID de usuario y recordar el idioma elegido por el usuario.<\/li>\n<\/ul>\n<\/li>\n<li>xxlplan; xxlplanBAK\n<ul>\n<li>Tipo: Cookie propia, de sesi\u00f3n y de an\u00e1lisis.<\/li>\n<li>Duraci\u00f3n: sesi\u00f3n<\/li>\n<li>Funci\u00f3n: est\u00e1n cookies pertenecen al servidor donde est\u00e1 alojado el sitio web y analiza el tr\u00e1fico del plan de alojamiento.<\/li>\n<\/ul>\n<\/li>\n<\/ul>\n<p style=\"text-align: justify\">En esta web no utilizamos ning\u00fan tipo de anuncio derivado del comportamiento del usuario en su navegaci\u00f3n.<\/p>\n<ol style=\"text-align: justify\" start=\"4\">\n<li><strong>ACEPTACI\u00d3N Y CONFIGURACI\u00d3N DE COOKIES<\/strong><\/li>\n<\/ol>\n<p style=\"text-align: justify\">La entidad asume que usted acepta el uso de cookies. Ante esta informaci\u00f3n es posible llevar a cabo las siguientes acciones:<\/p>\n<ul style=\"text-align: justify\">\n<li>Aceptar cookies: Se acepta el uso de cookies y no se volver\u00e1 a visualizar este aviso.<\/li>\n<li>Modificar su configuraci\u00f3n. Se pone en su conocimiento que en cualquier momento podr\u00e1 elegir qu\u00e9 cookies quiere que funcionen en este sitio web mediante la configuraci\u00f3n de navegador tal y como se indica en el siguiente punto.<\/li>\n<\/ul>\n<ol style=\"text-align: justify\" start=\"5\">\n<li><strong>CONFIGURACI\u00d3N, BLOQUEO Y ELIMINACI\u00d3N DE COOKIES.<\/strong><\/li>\n<\/ol>\n<p style=\"text-align: justify\">Por regla general los<a href=\"http:\/\/es.wikipedia.org\/wiki\/Navegador_web\">\u00a0navegadores<\/a>\u00a0disponen de diversas opciones de configuraci\u00f3n en relaci\u00f3n a las cookies, que permiten ajustar diversos niveles de privacidad, de forma que por ejemplo, se denieguen todas las cookies que pueda enviar un sitio web como este o incluso se eliminen todas las cookies que pudieran haberse guardado. Para modificar dichos par\u00e1metros puede solicitar ayuda al fabricante del mismo o consultar la documentaci\u00f3n de los mismos que se relaciona a continuaci\u00f3n:<\/p>\n<ul style=\"text-align: justify\">\n<li><a href=\"http:\/\/support.google.com\/chrome\/bin\/answer.py?hl=es&amp;answer=95647\">Google Chrome<\/a><\/li>\n<li><a href=\"http:\/\/support.mozilla.org\/es\/kb\/Habilitar%20y%20deshabilitar%20cookies\">Mozilla Firefox<\/a><\/li>\n<li><a href=\"http:\/\/windows.microsoft.com\/es-es\/internet-explorer\/delete-manage-cookies#ie=ie-11\">Internet Explorer<\/a><\/li>\n<li><a href=\"https:\/\/support.apple.com\/kb\/PH17191?locale=en_US&amp;viewlocale=es_ES\">Safari.<\/a><\/li>\n<li><a href=\"https:\/\/support.apple.com\/es-es\/HT201265\">IOS<\/a><\/li>\n<li><a href=\"https:\/\/support.google.com\/chrome\/answer\/2392971?hl=es\">Android<\/a><\/li>\n<li><a href=\"http:\/\/docs.blackberry.com\/en\/smartphone_users\/deliverables\/32004\/Turn_off_cookies_in_the_browser_60_1072866_11.jsp\">Blackberry<\/a><\/li>\n<li><a href=\"http:\/\/www.windowsphone.com\/es-es\/how-to\/wp7\/web\/changing-privacy-and-other-browser-settings\">Windows Phone<\/a><\/li>\n<\/ul>\n<p style=\"text-align: justify\">En el caso de que el usuario restrinja o bloque alguna o todas de las cookies del presente sitio Web, es posible que alguna de las funcionalidades o servicios prestados de la p\u00e1gina no est\u00e9n disponibles.<\/p>\n<p style=\"text-align: justify\">Tambi\u00e9n puede gestionar las cookies en su navegador a trav\u00e9s de las siguientes herramientas:<\/p>\n<ul style=\"text-align: justify\">\n<li><a href=\"http:\/\/www.ghostery.com\/\">Ghostery<\/a><\/li>\n<\/ul>\n<ul style=\"text-align: justify\">\n<li><a href=\"http:\/\/www.youronlinechoices.com\/es\">Your online choices<\/a><\/li>\n<\/ul>\n<ol style=\"text-align: justify\" start=\"6\">\n<li><strong>ACTUALIZACI\u00d3N DE LA POL\u00cdTICA DE COOKIES.<\/strong><\/li>\n<\/ol>\n<p style=\"text-align: justify\">Es posible que actualicemos la Pol\u00edtica de Cookies de nuestro Sitio Web, por ello le recomendamos revisar esta pol\u00edtica cada vez que acceda a nuestro Sitio Web con el objetivo de estar adecuadamente informado sobre c\u00f3mo y para qu\u00e9 usamos las cookies.<\/p>\n<p><\/p>","protected":false},"excerpt":{"rendered":"<p>Ayuntamiento de Oitz. \u00daltima actualizaci\u00f3n: Junio de 2015. Este sitio web utiliza cookies propias y de terceros que tienen la consideraci\u00f3n de t\u00e9cnicas, de personalizaci\u00f3n y de an\u00e1lisis para optimizar tu navegaci\u00f3n, adaptarse a tus preferencias y realizar labores anal\u00edticas.&hellip; <\/p>\n","protected":false},"author":19005,"featured_media":0,"parent":2,"menu_order":0,"comment_status":"closed","ping_status":"closed","template":"","meta":{"_monsterinsights_skip_tracking":false,"_monsterinsights_sitenote_active":false,"_monsterinsights_sitenote_note":"","_monsterinsights_sitenote_category":0,"footnotes":""},"class_list":["post-74","page","type-page","status-publish","hentry"],"yoast_head":"<!-- This site is optimized with the Yoast SEO plugin v26.8 - https:\/\/yoast.com\/product\/yoast-seo-wordpress\/ -->\r\n<title>Politica de cookies - Ayuntamiento de Oitz<\/title>\r\n<meta name=\"robots\" content=\"index, follow, max-snippet:-1, max-image-preview:large, max-video-preview:-1\" \/>\r\n<link rel=\"canonical\" href=\"http:\/\/www.oitz.org\/es\/general\/politica-de-cookies\/\" \/>\r\n<meta property=\"og:locale\" content=\"es_ES\" \/>\r\n<meta property=\"og:type\" content=\"article\" \/>\r\n<meta property=\"og:title\" content=\"Politica de cookies - Ayuntamiento de Oitz\" \/>\r\n<meta property=\"og:description\" content=\"Ayuntamiento de Oitz. \u00daltima actualizaci\u00f3n: Junio de 2015. Este sitio web utiliza cookies propias y de terceros que tienen la consideraci\u00f3n de t\u00e9cnicas, de personalizaci\u00f3n y de an\u00e1lisis para optimizar tu navegaci\u00f3n, adaptarse a tus preferencias y realizar labores anal\u00edticas.&hellip;\" \/>\r\n<meta property=\"og:url\" content=\"http:\/\/www.oitz.org\/es\/general\/politica-de-cookies\/\" \/>\r\n<meta property=\"og:site_name\" content=\"Ayuntamiento de Oitz\" \/>\r\n<meta property=\"article:modified_time\" content=\"2024-11-07T08:55:23+00:00\" \/>\r\n<meta name=\"twitter:card\" content=\"summary_large_image\" \/>\r\n<meta name=\"twitter:label1\" content=\"Tiempo de lectura\" \/>\n\t<meta name=\"twitter:data1\" content=\"5 minutos\" \/>\r\n<script type=\"application\/ld+json\" class=\"yoast-schema-graph\">{\"@context\":\"https:\/\/schema.org\",\"@graph\":[{\"@type\":\"WebPage\",\"@id\":\"http:\/\/www.oitz.org\/es\/general\/politica-de-cookies\/\",\"url\":\"http:\/\/www.oitz.org\/es\/general\/politica-de-cookies\/\",\"name\":\"Politica de cookies - Ayuntamiento de Oitz\",\"isPartOf\":{\"@id\":\"http:\/\/www.oitz.org\/es\/#website\"},\"datePublished\":\"2018-04-05T09:33:03+00:00\",\"dateModified\":\"2024-11-07T08:55:23+00:00\",\"breadcrumb\":{\"@id\":\"http:\/\/www.oitz.org\/es\/general\/politica-de-cookies\/#breadcrumb\"},\"inLanguage\":\"es\",\"potentialAction\":[{\"@type\":\"ReadAction\",\"target\":[[\"http:\/\/www.oitz.org\/es\/general\/politica-de-cookies\/\"]]}]},{\"@type\":\"BreadcrumbList\",\"@id\":\"http:\/\/www.oitz.org\/es\/general\/politica-de-cookies\/#breadcrumb\",\"itemListElement\":[{\"@type\":\"ListItem\",\"position\":1,\"name\":\"Home\",\"item\":\"http:\/\/www.oitz.org\/es\/\"},{\"@type\":\"ListItem\",\"position\":2,\"name\":\"(Castellano) General\",\"item\":\"http:\/\/www.oitz.org\/es\/general\/\"},{\"@type\":\"ListItem\",\"position\":3,\"name\":\"Politica de cookies\"}]},{\"@type\":\"WebSite\",\"@id\":\"http:\/\/www.oitz.org\/es\/#website\",\"url\":\"http:\/\/www.oitz.org\/es\/\",\"name\":\"Ayuntamiento de Oitz\",\"description\":\"Sitio web del Ayuntamiento de Oitz \/ Oizko Udala\",\"potentialAction\":[{\"@type\":\"SearchAction\",\"target\":{\"@type\":\"EntryPoint\",\"urlTemplate\":\"http:\/\/www.oitz.org\/es\/?s={search_term_string}\"},\"query-input\":{\"@type\":\"PropertyValueSpecification\",\"valueRequired\":true,\"valueName\":\"search_term_string\"}}],\"inLanguage\":\"es\"}]}<\/script>\r\n<!-- \/ Yoast SEO plugin. -->","yoast_head_json":{"title":"Politica de cookies - Ayuntamiento de Oitz","robots":{"index":"index","follow":"follow","max-snippet":"max-snippet:-1","max-image-preview":"max-image-preview:large","max-video-preview":"max-video-preview:-1"},"canonical":"http:\/\/www.oitz.org\/es\/general\/politica-de-cookies\/","og_locale":"es_ES","og_type":"article","og_title":"Politica de cookies - Ayuntamiento de Oitz","og_description":"Ayuntamiento de Oitz. \u00daltima actualizaci\u00f3n: Junio de 2015. Este sitio web utiliza cookies propias y de terceros que tienen la consideraci\u00f3n de t\u00e9cnicas, de personalizaci\u00f3n y de an\u00e1lisis para optimizar tu navegaci\u00f3n, adaptarse a tus preferencias y realizar labores anal\u00edticas.&hellip;","og_url":"http:\/\/www.oitz.org\/es\/general\/politica-de-cookies\/","og_site_name":"Ayuntamiento de Oitz","article_modified_time":"2024-11-07T08:55:23+00:00","twitter_card":"summary_large_image","twitter_misc":{"Tiempo de lectura":"5 minutos"},"schema":{"@context":"https:\/\/schema.org","@graph":[{"@type":"WebPage","@id":"http:\/\/www.oitz.org\/es\/general\/politica-de-cookies\/","url":"http:\/\/www.oitz.org\/es\/general\/politica-de-cookies\/","name":"Politica de cookies - Ayuntamiento de Oitz","isPartOf":{"@id":"http:\/\/www.oitz.org\/es\/#website"},"datePublished":"2018-04-05T09:33:03+00:00","dateModified":"2024-11-07T08:55:23+00:00","breadcrumb":{"@id":"http:\/\/www.oitz.org\/es\/general\/politica-de-cookies\/#breadcrumb"},"inLanguage":"es","potentialAction":[{"@type":"ReadAction","target":[["http:\/\/www.oitz.org\/es\/general\/politica-de-cookies\/"]]}]},{"@type":"BreadcrumbList","@id":"http:\/\/www.oitz.org\/es\/general\/politica-de-cookies\/#breadcrumb","itemListElement":[{"@type":"ListItem","position":1,"name":"Home","item":"http:\/\/www.oitz.org\/es\/"},{"@type":"ListItem","position":2,"name":"(Castellano) General","item":"http:\/\/www.oitz.org\/es\/general\/"},{"@type":"ListItem","position":3,"name":"Politica de cookies"}]},{"@type":"WebSite","@id":"http:\/\/www.oitz.org\/es\/#website","url":"http:\/\/www.oitz.org\/es\/","name":"Ayuntamiento de Oitz","description":"Sitio web del Ayuntamiento de Oitz \/ Oizko Udala","potentialAction":[{"@type":"SearchAction","target":{"@type":"EntryPoint","urlTemplate":"http:\/\/www.oitz.org\/es\/?s={search_term_string}"},"query-input":{"@type":"PropertyValueSpecification","valueRequired":true,"valueName":"search_term_string"}}],"inLanguage":"es"}]}},"_links":{"self":[{"href":"http:\/\/www.oitz.org\/es\/wp-json\/wp\/v2\/pages\/74","targetHints":{"allow":["GET"]}}],"collection":[{"href":"http:\/\/www.oitz.org\/es\/wp-json\/wp\/v2\/pages"}],"about":[{"href":"http:\/\/www.oitz.org\/es\/wp-json\/wp\/v2\/types\/page"}],"author":[{"embeddable":true,"href":"http:\/\/www.oitz.org\/es\/wp-json\/wp\/v2\/users\/19005"}],"replies":[{"embeddable":true,"href":"http:\/\/www.oitz.org\/es\/wp-json\/wp\/v2\/comments?post=74"}],"version-history":[{"count":2,"href":"http:\/\/www.oitz.org\/es\/wp-json\/wp\/v2\/pages\/74\/revisions"}],"predecessor-version":[{"id":8197,"href":"http:\/\/www.oitz.org\/es\/wp-json\/wp\/v2\/pages\/74\/revisions\/8197"}],"up":[{"embeddable":true,"href":"http:\/\/www.oitz.org\/es\/wp-json\/wp\/v2\/pages\/2"}],"wp:attachment":[{"href":"http:\/\/www.oitz.org\/es\/wp-json\/wp\/v2\/media?parent=74"}],"curies":[{"name":"wp","href":"https:\/\/api.w.org\/{rel}","templated":true}]}}