{"id":7952,"date":"2022-03-31T13:42:32","date_gmt":"2022-03-31T13:42:32","guid":{"rendered":"http:\/\/www.oitz.org\/?page_id=7952"},"modified":"2023-03-09T21:15:24","modified_gmt":"2023-03-09T21:15:24","slug":"zergadunaren-egutegia-2023","status":"publish","type":"page","link":"http:\/\/www.oitz.org\/es\/zergadunaren-egutegia-2023\/","title":{"rendered":"Calendario del contribuyente 2023"},"content":{"rendered":"<p><em>Impuesto de Circulaci\u00f3n 2023: per\u00edodo de pago voluntario: del 1-03-2023 al 31-03-2023. Los recibos domiciliados: se cargar\u00e1n el 31 de marzo de 2023.<\/em><\/p>\n<p><em>Contribuci\u00f3n: Anual: per\u00edodo de pago voluntario: del 01 de octubre al 31 de octubre. Los domiciliados se cargar\u00e1n el 17 de octubre de 2023.<\/em><\/p>\n<p><em>Agua:\u00a0anual. A finales de a\u00f1o. Se publicar\u00e1n las fechas. <\/em><\/p>\n<p><em>Impuestos no peri\u00f3dicos (tasas, precios p\u00fablicos, plusval\u00edas, etc). Se prublicar\u00e1n las fechas.<\/em><\/p>\n<p><em>El vencimiento del periodo voluntario determina la exigencia del recargo de apremio e intereses de demora.<\/em><\/p>\n<p><em>El pago de los recibos no domiciliados podr\u00e1 realizarse acudiendo la\u00a0 oficina de la Caja Rural.<\/em><\/p>\n<p><em>Nota: a los recibos devueltos por diversas causas se les aplicar\u00e1 el gasto de devoluci\u00f3n, cualquier cambio de cuenta deber\u00e1n notificar en el Ayuntamiento.<\/em><\/p>","protected":false},"excerpt":{"rendered":"<p>Impuesto de Circulaci\u00f3n 2023: per\u00edodo de pago voluntario: del 1-03-2023 al 31-03-2023. Los recibos domiciliados: se cargar\u00e1n el 31 de marzo de 2023. Contribuci\u00f3n: Anual: per\u00edodo de pago voluntario: del 01 de octubre al 31 de octubre. Los domiciliados se&hellip; <\/p>\n","protected":false},"author":19041,"featured_media":0,"parent":0,"menu_order":0,"comment_status":"closed","ping_status":"closed","template":"","meta":{"_monsterinsights_skip_tracking":false,"_monsterinsights_sitenote_active":false,"_monsterinsights_sitenote_note":"","_monsterinsights_sitenote_category":0,"footnotes":""},"class_list":["post-7952","page","type-page","status-publish","hentry"],"yoast_head":"<!-- This site is optimized with the Yoast SEO plugin v26.8 - https:\/\/yoast.com\/product\/yoast-seo-wordpress\/ -->\r\n<title>Calendario del contribuyente 2023 - Ayuntamiento de Oitz<\/title>\r\n<meta name=\"robots\" content=\"index, follow, max-snippet:-1, max-image-preview:large, max-video-preview:-1\" \/>\r\n<link rel=\"canonical\" href=\"http:\/\/www.oitz.org\/es\/zergadunaren-egutegia-2023\/\" \/>\r\n<meta property=\"og:locale\" content=\"es_ES\" \/>\r\n<meta property=\"og:type\" content=\"article\" \/>\r\n<meta property=\"og:title\" content=\"Calendario del contribuyente 2023 - Ayuntamiento de Oitz\" \/>\r\n<meta property=\"og:description\" content=\"Impuesto de Circulaci\u00f3n 2023: per\u00edodo de pago voluntario: del 1-03-2023 al 31-03-2023. Los recibos domiciliados: se cargar\u00e1n el 31 de marzo de 2023. Contribuci\u00f3n: Anual: per\u00edodo de pago voluntario: del 01 de octubre al 31 de octubre. Los domiciliados se&hellip;\" \/>\r\n<meta property=\"og:url\" content=\"http:\/\/www.oitz.org\/es\/zergadunaren-egutegia-2023\/\" \/>\r\n<meta property=\"og:site_name\" content=\"Ayuntamiento de Oitz\" \/>\r\n<meta property=\"article:modified_time\" content=\"2023-03-09T21:15:24+00:00\" \/>\r\n<meta name=\"twitter:card\" content=\"summary_large_image\" \/>\r\n<meta name=\"twitter:label1\" content=\"Tiempo de lectura\" \/>\n\t<meta name=\"twitter:data1\" content=\"1 minuto\" \/>\r\n<script type=\"application\/ld+json\" class=\"yoast-schema-graph\">{\"@context\":\"https:\/\/schema.org\",\"@graph\":[{\"@type\":\"WebPage\",\"@id\":\"http:\/\/www.oitz.org\/es\/zergadunaren-egutegia-2023\/\",\"url\":\"http:\/\/www.oitz.org\/es\/zergadunaren-egutegia-2023\/\",\"name\":\"Calendario del contribuyente 2023 - Ayuntamiento de Oitz\",\"isPartOf\":{\"@id\":\"http:\/\/www.oitz.org\/es\/#website\"},\"datePublished\":\"2022-03-31T13:42:32+00:00\",\"dateModified\":\"2023-03-09T21:15:24+00:00\",\"breadcrumb\":{\"@id\":\"http:\/\/www.oitz.org\/es\/zergadunaren-egutegia-2023\/#breadcrumb\"},\"inLanguage\":\"es\",\"potentialAction\":[{\"@type\":\"ReadAction\",\"target\":[[\"http:\/\/www.oitz.org\/es\/zergadunaren-egutegia-2023\/\"]]}]},{\"@type\":\"BreadcrumbList\",\"@id\":\"http:\/\/www.oitz.org\/es\/zergadunaren-egutegia-2023\/#breadcrumb\",\"itemListElement\":[{\"@type\":\"ListItem\",\"position\":1,\"name\":\"Home\",\"item\":\"http:\/\/www.oitz.org\/es\/\"},{\"@type\":\"ListItem\",\"position\":2,\"name\":\"Zergadunaren egutegia 2023\"}]},{\"@type\":\"WebSite\",\"@id\":\"http:\/\/www.oitz.org\/es\/#website\",\"url\":\"http:\/\/www.oitz.org\/es\/\",\"name\":\"Ayuntamiento de Oitz\",\"description\":\"Sitio web del Ayuntamiento de Oitz \/ Oizko Udala\",\"potentialAction\":[{\"@type\":\"SearchAction\",\"target\":{\"@type\":\"EntryPoint\",\"urlTemplate\":\"http:\/\/www.oitz.org\/es\/?s={search_term_string}\"},\"query-input\":{\"@type\":\"PropertyValueSpecification\",\"valueRequired\":true,\"valueName\":\"search_term_string\"}}],\"inLanguage\":\"es\"}]}<\/script>\r\n<!-- \/ Yoast SEO plugin. -->","yoast_head_json":{"title":"Calendario del contribuyente 2023 - Ayuntamiento de Oitz","robots":{"index":"index","follow":"follow","max-snippet":"max-snippet:-1","max-image-preview":"max-image-preview:large","max-video-preview":"max-video-preview:-1"},"canonical":"http:\/\/www.oitz.org\/es\/zergadunaren-egutegia-2023\/","og_locale":"es_ES","og_type":"article","og_title":"Calendario del contribuyente 2023 - Ayuntamiento de Oitz","og_description":"Impuesto de Circulaci\u00f3n 2023: per\u00edodo de pago voluntario: del 1-03-2023 al 31-03-2023. Los recibos domiciliados: se cargar\u00e1n el 31 de marzo de 2023. Contribuci\u00f3n: Anual: per\u00edodo de pago voluntario: del 01 de octubre al 31 de octubre. Los domiciliados se&hellip;","og_url":"http:\/\/www.oitz.org\/es\/zergadunaren-egutegia-2023\/","og_site_name":"Ayuntamiento de Oitz","article_modified_time":"2023-03-09T21:15:24+00:00","twitter_card":"summary_large_image","twitter_misc":{"Tiempo de lectura":"1 minuto"},"schema":{"@context":"https:\/\/schema.org","@graph":[{"@type":"WebPage","@id":"http:\/\/www.oitz.org\/es\/zergadunaren-egutegia-2023\/","url":"http:\/\/www.oitz.org\/es\/zergadunaren-egutegia-2023\/","name":"Calendario del contribuyente 2023 - Ayuntamiento de Oitz","isPartOf":{"@id":"http:\/\/www.oitz.org\/es\/#website"},"datePublished":"2022-03-31T13:42:32+00:00","dateModified":"2023-03-09T21:15:24+00:00","breadcrumb":{"@id":"http:\/\/www.oitz.org\/es\/zergadunaren-egutegia-2023\/#breadcrumb"},"inLanguage":"es","potentialAction":[{"@type":"ReadAction","target":[["http:\/\/www.oitz.org\/es\/zergadunaren-egutegia-2023\/"]]}]},{"@type":"BreadcrumbList","@id":"http:\/\/www.oitz.org\/es\/zergadunaren-egutegia-2023\/#breadcrumb","itemListElement":[{"@type":"ListItem","position":1,"name":"Home","item":"http:\/\/www.oitz.org\/es\/"},{"@type":"ListItem","position":2,"name":"Zergadunaren egutegia 2023"}]},{"@type":"WebSite","@id":"http:\/\/www.oitz.org\/es\/#website","url":"http:\/\/www.oitz.org\/es\/","name":"Ayuntamiento de Oitz","description":"Sitio web del Ayuntamiento de Oitz \/ Oizko Udala","potentialAction":[{"@type":"SearchAction","target":{"@type":"EntryPoint","urlTemplate":"http:\/\/www.oitz.org\/es\/?s={search_term_string}"},"query-input":{"@type":"PropertyValueSpecification","valueRequired":true,"valueName":"search_term_string"}}],"inLanguage":"es"}]}},"_links":{"self":[{"href":"http:\/\/www.oitz.org\/es\/wp-json\/wp\/v2\/pages\/7952","targetHints":{"allow":["GET"]}}],"collection":[{"href":"http:\/\/www.oitz.org\/es\/wp-json\/wp\/v2\/pages"}],"about":[{"href":"http:\/\/www.oitz.org\/es\/wp-json\/wp\/v2\/types\/page"}],"author":[{"embeddable":true,"href":"http:\/\/www.oitz.org\/es\/wp-json\/wp\/v2\/users\/19041"}],"replies":[{"embeddable":true,"href":"http:\/\/www.oitz.org\/es\/wp-json\/wp\/v2\/comments?post=7952"}],"version-history":[{"count":4,"href":"http:\/\/www.oitz.org\/es\/wp-json\/wp\/v2\/pages\/7952\/revisions"}],"predecessor-version":[{"id":8072,"href":"http:\/\/www.oitz.org\/es\/wp-json\/wp\/v2\/pages\/7952\/revisions\/8072"}],"wp:attachment":[{"href":"http:\/\/www.oitz.org\/es\/wp-json\/wp\/v2\/media?parent=7952"}],"curies":[{"name":"wp","href":"https:\/\/api.w.org\/{rel}","templated":true}]}}